{"id":2969,"date":"2023-07-14T04:05:13","date_gmt":"2023-07-14T04:05:13","guid":{"rendered":"https:\/\/lasso.pt\/politique-de-confidentialite\/"},"modified":"2024-05-28T17:05:26","modified_gmt":"2024-05-28T17:05:26","slug":"politique-de-confidentialite","status":"publish","type":"page","link":"https:\/\/lasso.pt\/fr\/politique-de-confidentialite\/","title":{"rendered":"Politique de Confidentialit\u00e9"},"content":{"rendered":"<p>&nbsp;<\/p>\n<p>Les donn\u00e9es personnelles demand\u00e9es lors de votre inscription sur le site <a href=\"http:\/\/www.lasso.pt\">www.lasso.pt<\/a> pour vous abonner \u00e0 notre newsletter, pour demander des informations ou dans le cadre de l&rsquo;utilisation de nos services ou produits, seront trait\u00e9es conform\u00e9ment aux r\u00e8gles d\u00e9finies dans la pr\u00e9sente politique de confidentialit\u00e9.<\/p>\n<p><strong>\u00a0<\/strong><\/p>\n<p><strong style=\"font-family: inherit;\">A. Responsable du traitement des donn\u00e9es et de la collecte obligatoire<\/strong><\/p>\n<p>Cette notice de confidentialit\u00e9 est destin\u00e9e \u00e0 vous informer du traitement automatis\u00e9 des donn\u00e9es personnelles effectu\u00e9 par Sopsa Eco Innovation, SA, personne morale avec le NIPC et le NIF 502 832\u00a0266 et si\u00e8ge social au Parque Industrial da Ermida, Rua Ant\u00f3nio Joaquim Campos Monteiro, num\u00e9ro 800, \u00e0 Santo Tirso (ci-apr\u00e8s d\u00e9nomm\u00e9 SOPSA) sur les donn\u00e9es personnelles fournies, aux fins d\u00e9crites ci-dessous.<\/p>\n<p>Sauf mention expresse contraire, il est indispensable que vous nous fournissiez les donn\u00e9es personnelles demand\u00e9es afin de traiter votre inscription et de vous fournir notre newsletter, les informations demand\u00e9es ou nos produits et services. Si nous ne sommes pas en mesure de collecter ces donn\u00e9es personnelles, il est possible que nous ne soyons pas en mesure de traiter votre inscription ou de vous fournir notre newsletter, les informations demand\u00e9es ou nos produits et services. Les donn\u00e9es personnelles seront utilis\u00e9es exclusivement aux fins express\u00e9ment d\u00e9crites dans la pr\u00e9sente Clause.<\/p>\n<p>En acceptant cette politique de confidentialit\u00e9, vous garantissez et d\u00e9clarez que les donn\u00e9es personnelles que vous nous fournissez, vous appartiennent et qu&rsquo;elles sont vraies, exactes et \u00e0 jour. Vous devez nous informer imm\u00e9diatement de toute modification de vos donn\u00e9es personnelles, conform\u00e9ment \u00e0 la proc\u00e9dure d\u00e9crite \u00e0 la section C. Droits de la personne concern\u00e9e.<\/p>\n<p>&nbsp;<\/p>\n<p><strong>B. Base juridique et finalit\u00e9s des traitements de donn\u00e9es<\/strong><\/p>\n<p>Vos donn\u00e9es personnelles seront trait\u00e9es sur la base des motifs mentionn\u00e9s ci-dessous et aux fins d\u00e9crites respectivement :<\/p>\n<p><strong style=\"font-family: inherit;\">\u00a0 \u00a0 \u00a0 \u00a0 \u00a0 I. Sur la base des motifs \u00ab\u00a0Ex\u00e9cution d&rsquo;un contrat ou de mesures pr\u00e9contractuelles\u201d, vos donn\u00e9es seront trait\u00e9es pour :<\/strong><\/p>\n<p>a. Gestion de votre demande d&rsquo;inscription en tant que client et d&rsquo;activation de votre abonnement, qui n\u00e9cessite de v\u00e9rifier votre identit\u00e9 et de collecter vos coordonn\u00e9es. Si un incident survient pendant le processus d&rsquo;inscription, nous pouvons vous contacter dans les prochaines 48 heures pour terminer votre inscription ;<br \/>\nb. Envoi de communications relatives aux produits et services susmentionn\u00e9s, envoi des informations demand\u00e9es via nos formulaires de contact, traitement des questions et des r\u00e9clamations ;<br \/>\nc. En tant qu&rsquo;utilisateur des produits ou services de SOPSA, et en raison de la relation contractuelle \u00e9tablie avec SOPSA, vous recevrez des communications, qui peuvent \u00eatre envoy\u00e9es par voie \u00e9lectronique, concernant de nouveaux produits, de nouvelles technologies, des projets innovants, des opportunit\u00e9s, des \u00e9v\u00e9nements, des avantages n\u00e9goci\u00e9s et des informations sur les produits et services propos\u00e9s par la soci\u00e9t\u00e9. Vous pouvez \u00e9galement recevoir des informations sur les salons et \u00e9v\u00e9nements auxquels SOPSA participe et des invitations \u00e0 ceux-ci.<br \/>\nd. En tant que consommateur des produits et\/ou services propos\u00e9s, vous pouvez recevoir des sondages pour des \u00e9tudes d&rsquo;opinion, afin que SOPSA puisse \u00e9valuer le degr\u00e9 de satisfaction des consommateurs avec le produit et\/ou les services qui vous correspondent dans chaque cas, et, compte tenu des r\u00e9sultats obtenus, pr\u00e9parer et publier des rapports et des articles qui int\u00e9ressent ses clients, en particulier, et les consommateurs, en g\u00e9n\u00e9ral.<\/p>\n<p>&nbsp;<\/p>\n<p><strong>\u00a0 \u00a0 \u00a0 \u00a0 \u00a0 II. Sur la base de la base juridique \u00ab Int\u00e9r\u00eat l\u00e9gitime du responsable du traitement \u00bb, vos donn\u00e9es seront trait\u00e9es aux fins suivantes :<\/strong><\/p>\n<p>a. V\u00e9rifier votre identit\u00e9 \u00e0 des fins de pr\u00e9vention de la fraude ;<br \/>\nb. R\u00e9aliser des enqu\u00eates de satisfaction sur les produits et services auxquels vous avez acc\u00e8s en tant qu&rsquo;utilisateur ;<br \/>\nc. Nous permettre d&rsquo;en savoir plus sur vous en tant qu&rsquo;abonn\u00e9 et\/ou utilisateur gratuit, notamment en d\u00e9finissant les pr\u00e9f\u00e9rences que vous avez d\u00e9clar\u00e9es en tant qu&rsquo;utilisateur de nos services, r\u00e9sultant de l&rsquo;analyse de votre utilisation de nos produits et services, la mani\u00e8re dont vous pr\u00e9f\u00e9rez \u00eatre contact\u00e9 et d&rsquo;autres aspects li\u00e9s au d\u00e9veloppement de la relation contractuelle. Ce profil n&rsquo;est pas cr\u00e9\u00e9 sur la base d&rsquo;une d\u00e9cision automatis\u00e9e, il est uniquement destin\u00e9 \u00e0 vous fournir un service personnalis\u00e9 qui r\u00e9pond \u00e0 vos int\u00e9r\u00eats et pr\u00e9f\u00e9rences, mais il n&rsquo;est pas destin\u00e9 \u00e0 pr\u00e9dire votre comportement futur ou \u00e0 anticiper vos int\u00e9r\u00eats ou capacit\u00e9s. Ces activit\u00e9s n&rsquo;impliquent pas le traitement automatis\u00e9 de donn\u00e9es ayant des effets juridiques sur vous ou l&rsquo;\u00e9valuation exhaustive d&rsquo;aspects li\u00e9s \u00e0 votre personnalit\u00e9 de mani\u00e8re automatis\u00e9e. Notre activit\u00e9 de profilage est toujours men\u00e9e de mani\u00e8re mod\u00e9r\u00e9e, avec un \u00e9quilibre scrupuleux entre votre droit \u00e0 la vie priv\u00e9e et la mission de SOPSA en tant qu&rsquo;organisation qui d\u00e9veloppe et fabrique des solutions innovantes pour la gestion des d\u00e9chets solides urbains. \u00c0 cette fin, SOPSA a con\u00e7u des m\u00e9canismes pour prot\u00e9ger vos droits et pr\u00e9venir les activit\u00e9s potentiellement abusives. Vous pouvez, \u00e0 tout moment, vous opposer \u00e0 ce traitement via le m\u00e9canisme d\u00e9crit \u00e0 la section C. Droits des personnes concern\u00e9es.<\/p>\n<p>&nbsp;<\/p>\n<p><strong>\u00a0 \u00a0 \u00a0 \u00a0 \u00a0 III. Sur la base du consentement du titulaire, vos donn\u00e9es seront trait\u00e9es aux fins suivantes :<\/strong><\/p>\n<p>a. Inclusion dans la liste de diffusion, dans le but d&rsquo;envoyer la newsletter.<br \/>\nb. Vous pouvez recevoir des communications, qui peuvent \u00eatre envoy\u00e9es par voie \u00e9lectronique, concernant de nouveaux produits, de nouvelles technologies, des projets innovants, des opportunit\u00e9s, des \u00e9v\u00e9nements, des avantages n\u00e9goci\u00e9s et des informations pertinentes sur les produits et services offerts par l&rsquo;entreprise. Vous pouvez \u00e9galement recevoir des informations sur les salons et \u00e9v\u00e9nements auxquels SOPSA participe et des invitations \u00e0 ceux-ci.<br \/>\nc. En tant que consommateur des produits et\/ou services propos\u00e9s, vous pouvez recevoir des sondages pour des \u00e9tudes d&rsquo;opinion, afin que SOPSA puisse \u00e9valuer le degr\u00e9 de satisfaction des consommateurs avec le produit et\/ou les services qui vous correspondent dans chaque cas, et, compte tenu des r\u00e9sultats obtenus, pr\u00e9parer et publier des rapports et des articles qui int\u00e9ressent ses clients, en particulier, et les consommateurs, en g\u00e9n\u00e9ral.<\/p>\n<p>&nbsp;<\/p>\n<p><strong>C. Droits de la personne concern\u00e9e<\/strong><\/p>\n<p>Lorsque nous traitons vos donn\u00e9es personnelles sur la base de votre consentement, vous avez le droit de retirer ce consentement \u00e0 tout moment. Aux termes de la l\u00e9gislation informatique et libert\u00e9s en vigueur, vous pouvez non seulement retirer votre consentement, mais \u00e9galement disposer d&rsquo;un droit d&rsquo;acc\u00e8s, de rectification, d&rsquo;effacement, de limitation, d&rsquo;opposition et de portabilit\u00e9 des donn\u00e9es, en nous adressant un email pour <a href=\"mailto:geral@sopsa.pt\">geral@sopsa.pt<\/a>, ou une lettre adress\u00e9e \u00e0 SOPSA ECO INNOVATION, SA (Parque Industrial da Ermida, Rua Ant\u00f3nio Joaquim Campos Monteiro, 800,4780-165 SANTA CRISTINA DO COUTO).<\/p>\n<p>Afin de vous fournir la consultation de vos donn\u00e9es personnelles, et afin d&rsquo;\u00e9viter la livraison de vos donn\u00e9es \u00e0 un tiers non autoris\u00e9, SOPSA peut exiger une preuve de votre identification en montrant votre pi\u00e8ce d&rsquo;identit\u00e9 \u00e0 jour.<\/p>\n<p>Nous vous demandons \u00e9galement de tenir compte du fait que le retrait du consentement n&rsquo;affectera pas la lic\u00e9it\u00e9 du traitement avant la r\u00e9vocation.<\/p>\n<p>Pour nous parler de notre utilisation de vos donn\u00e9es personnelles, vous pouvez nous contacter en envoyant un email \u00e0 <a href=\"mailto:geral@sopsa.pt\">geral@sopsa.pt<\/a>.<\/p>\n<p>Si vous estimez que vos droits en mati\u00e8re de donn\u00e9es personnelles ont \u00e9t\u00e9 viol\u00e9s, vous avez le droit de d\u00e9poser une plainte aupr\u00e8s de la Commission nationale de protection des donn\u00e9es.<\/p>\n<p>&nbsp;<\/p>\n<p><strong>D. B\u00e9n\u00e9ficiaires<\/strong><\/p>\n<p>Conform\u00e9ment aux modalit\u00e9s d\u00e9crites dans la section B., SOPSA ne transf\u00e8re pas vos donn\u00e9es \u00e0 des tiers.<\/p>\n<p>Nonobstant ce qui pr\u00e9c\u00e8de, SOPSA travaille avec certains prestataires de services qui d\u00e9veloppent leur activit\u00e9 dans les secteurs suivants : conseil juridique, conseil en communication, prestataires de services technologiques, prestataires de services informatiques, soci\u00e9t\u00e9s de s\u00e9curit\u00e9, soci\u00e9t\u00e9s prestataires de services de messagerie, soci\u00e9t\u00e9s de gestion et de maintenance d&rsquo;infrastructures, entre autres. Dans le cadre et pour l&rsquo;exercice de cette prestation de services sous-trait\u00e9e, ces \u00ab sous-traitants \u00bb peuvent avoir acc\u00e8s \u00e0 vos donn\u00e9es personnelles, mais ils ne traitent ces donn\u00e9es qu&rsquo;au nom et pour le compte de SOPSA, toujours et uniquement conform\u00e9ment aux instructions expresses donn\u00e9es par SOPSA et du fait du contrat conclu entre cette derni\u00e8re et ces prestataires.<\/p>\n<p>SOPSA suit des crit\u00e8res stricts dans la s\u00e9lection des prestataires de services, afin de se conformer \u00e0 ses obligations en mati\u00e8re de protection des donn\u00e9es, en s&rsquo;engageant \u00e0 signer avec eux un accord de traitement des donn\u00e9es, qui comprend, entre autres, les obligations suivantes\u00a0: appliquer les mesures techniques et organisationnelles appropri\u00e9es\u00a0; traiter les donn\u00e9es personnelles aux fins convenues et r\u00e9pondre exclusivement aux instructions document\u00e9es de SOPSA\u00a0; et effacer ou restituer les donn\u00e9es \u00e0 SOPSA \u00e0 la fin des services.<\/p>\n<p>Lorsque le traitement des donn\u00e9es a lieu dans <strong>diff\u00e9rents pays<\/strong>, l&rsquo;Autorit\u00e9 de Protection des Donn\u00e9es (APD) comp\u00e9tente &#8211; qui sera <strong>l&rsquo;autorit\u00e9 principale<\/strong> dans ses relations avec les autres APD comp\u00e9tentes dans l&rsquo;UE &#8211; est la Commission nationale de protection des donn\u00e9es. L&rsquo;\u00e9tablissement principal est le si\u00e8ge social, sauf si les d\u00e9cisions sur les finalit\u00e9s et les moyens du traitement des donn\u00e9es \u00e0 caract\u00e8re personnel sont prises dans un autre \u00e9tablissement et que cet \u00e9tablissement a le pouvoir d&rsquo;ex\u00e9cuter ces d\u00e9cisions.<\/p>\n<p>Dans le cas o\u00f9 le traitement des donn\u00e9es est n\u00e9cessaire pour remplir une obligation l\u00e9gale en vertu du droit national d&rsquo;un autre \u00c9tat membre de l&rsquo;UE, seule l&rsquo;APD de cet \u00c9tat membre de l&rsquo;UE est comp\u00e9tente.<\/p>\n<p>&nbsp;<\/p>\n<p><strong>E. Dur\u00e9e de conservation<\/strong><\/p>\n<p>Dans le strict but d&rsquo;assurer une diligence pr\u00e9contractuelle, si le processus d&rsquo;inscription n&rsquo;est pas termin\u00e9, vos donn\u00e9es seront conserv\u00e9es pendant 48 heures apr\u00e8s le d\u00e9but du processus, apr\u00e8s quoi elles seront supprim\u00e9es de toute base de donn\u00e9es sous la responsabilit\u00e9 de SOPSA.<\/p>\n<p>Si le processus d&rsquo;inscription est men\u00e9 \u00e0 bien, vos donn\u00e9es personnelles seront conserv\u00e9es tout au long de votre relation contractuelle avec SOPSA. Une fois compl\u00e9t\u00e9es, nonobstant les dispositions du paragraphe suivant, vos donn\u00e9es personnelles seront supprim\u00e9es au moment o\u00f9 toutes les actions n\u00e9cessaires pour administrer et remplir toute obligation qui reste entre les parties auront \u00e9t\u00e9 effectu\u00e9es, \u00e9tant ex\u00e9cut\u00e9es pendant cette p\u00e9riode toutes les proc\u00e9dures administratives n\u00e9cessaires.<\/p>\n<p>Vos donn\u00e9es personnelles seront stock\u00e9es, bloqu\u00e9es, afin de r\u00e9pondre aux responsabilit\u00e9s r\u00e9sultant de la relation contractuelle et autres obligations l\u00e9gales de SOPSA. Dans de tels cas, SOPSA garantit qu&rsquo;il ne traitera pas vos donn\u00e9es personnelles, sauf si cela est strictement n\u00e9cessaire pour la formulation, l&rsquo;exercice et la d\u00e9fense de r\u00e9clamations, ou lorsque requis par l&rsquo;administration publique, les juges et les tribunaux, pendant le d\u00e9lai de prescription de leurs droits ou obligations l\u00e9gaux.<\/p>\n<p>&nbsp;<\/p>\n<p><strong>F. Cookies<\/strong><\/p>\n<p>Les cookies sont des t\u00e9moignages de connexion, ce sont de petits fichiers d&rsquo;informations qui peuvent \u00eatre d\u00e9pos\u00e9s sur votre ordinateur lorsque vous naviguez sur internet.<\/p>\n<p>Contrairement \u00e0 d&rsquo;autres dispositifs similaires, les cookies sont un instrument l\u00e9gitime et utile car ils permettent au site Web de se souvenir de vous et de vos pr\u00e9f\u00e9rences, \u00e9liminant, par exemple, la n\u00e9cessit\u00e9 de saisir \u00e0 plusieurs reprises les m\u00eames informations.<\/p>\n<p>Lors de l&rsquo;acc\u00e8s \u00e0 <a href=\"http:\/\/www.sopsa.pt\">www.sopsa.pt<\/a>, des cookies de navigation peuvent \u00eatre implant\u00e9s dans votre ordinateur et des informations relatives \u00e0 la navigation de l&rsquo;ordinateur de l&rsquo;utilisateur sur le site, telles que les pages consult\u00e9es, la date et l&rsquo;heure de la consultation, peuvent \u00eatre enregistr\u00e9es. Cette inscription ne sera effectu\u00e9e que si vous y consentez.<\/p>\n<p>Si vous n&rsquo;y consentez pas, vous pourrez continuer \u00e0 naviguer sur le site, bien qu&rsquo;un refus puisse emp\u00eacher l&rsquo;acc\u00e8s \u00e0 certaines fonctionnalit\u00e9s, pages et\/ou espaces du site auxquels vous auriez normalement acc\u00e8s.<\/p>\n<p>Dans tous les cas, l&rsquo;utilisateur a la possibilit\u00e9 de d\u00e9sactiver, \u00e0 tout moment, toute installation de cookies, en adaptant en cons\u00e9quence la configuration de son navigateur internet.<\/p>\n","protected":false},"excerpt":{"rendered":"<p>&nbsp; Les donn\u00e9es personnelles demand\u00e9es lors de votre inscription sur le site www.lasso.pt pour vous abonner \u00e0 notre newsletter, pour demander des informations ou dans le cadre de l&rsquo;utilisation de nos services ou produits, seront trait\u00e9es conform\u00e9ment aux r\u00e8gles d\u00e9finies dans la pr\u00e9sente politique de confidentialit\u00e9. \u00a0 A. Responsable du traitement des donn\u00e9es et de [&hellip;]<\/p>\n","protected":false},"author":1,"featured_media":0,"parent":0,"menu_order":0,"comment_status":"closed","ping_status":"closed","template":"page-pp.php","meta":{"footnotes":""},"class_list":["post-2969","page","type-page","status-publish","hentry"],"acf":[],"yoast_head":"<!-- This site is optimized with the Yoast SEO plugin v27.5 - https:\/\/yoast.com\/product\/yoast-seo-wordpress\/ -->\n<title>Politique de Confidentialit\u00e9 - lasso<\/title>\n<meta name=\"description\" content=\"Apprenez-en davantage sur la politique de confidentialit\u00e9 de Lasso, une marque leader de conteneurs souterrains pour d\u00e9chets urbains.\" \/>\n<meta name=\"robots\" content=\"index, follow, max-snippet:-1, max-image-preview:large, max-video-preview:-1\" \/>\n<link rel=\"canonical\" href=\"https:\/\/lasso.pt\/fr\/politique-de-confidentialite\/\" \/>\n<meta property=\"og:locale\" content=\"fr_FR\" \/>\n<meta property=\"og:type\" content=\"article\" \/>\n<meta property=\"og:title\" content=\"Politique de Confidentialit\u00e9 - lasso\" \/>\n<meta property=\"og:description\" content=\"Apprenez-en davantage sur la politique de confidentialit\u00e9 de Lasso, une marque leader de conteneurs souterrains pour d\u00e9chets urbains.\" \/>\n<meta property=\"og:url\" content=\"https:\/\/lasso.pt\/fr\/politique-de-confidentialite\/\" \/>\n<meta property=\"og:site_name\" content=\"lasso\" \/>\n<meta property=\"article:modified_time\" content=\"2024-05-28T17:05:26+00:00\" \/>\n<meta name=\"twitter:card\" content=\"summary_large_image\" \/>\n<meta name=\"twitter:label1\" content=\"Dur\u00e9e de lecture estim\u00e9e\" \/>\n\t<meta name=\"twitter:data1\" content=\"11 minutes\" \/>\n<script type=\"application\/ld+json\" class=\"yoast-schema-graph\">{\"@context\":\"https:\\\/\\\/schema.org\",\"@graph\":[{\"@type\":\"WebPage\",\"@id\":\"https:\\\/\\\/lasso.pt\\\/fr\\\/politique-de-confidentialite\\\/\",\"url\":\"https:\\\/\\\/lasso.pt\\\/fr\\\/politique-de-confidentialite\\\/\",\"name\":\"Politique de Confidentialit\u00e9 - lasso\",\"isPartOf\":{\"@id\":\"https:\\\/\\\/lasso.pt\\\/#website\"},\"datePublished\":\"2023-07-14T04:05:13+00:00\",\"dateModified\":\"2024-05-28T17:05:26+00:00\",\"description\":\"Apprenez-en davantage sur la politique de confidentialit\u00e9 de Lasso, une marque leader de conteneurs souterrains pour d\u00e9chets urbains.\",\"breadcrumb\":{\"@id\":\"https:\\\/\\\/lasso.pt\\\/fr\\\/politique-de-confidentialite\\\/#breadcrumb\"},\"inLanguage\":\"fr-FR\",\"potentialAction\":[{\"@type\":\"ReadAction\",\"target\":[\"https:\\\/\\\/lasso.pt\\\/fr\\\/politique-de-confidentialite\\\/\"]}]},{\"@type\":\"BreadcrumbList\",\"@id\":\"https:\\\/\\\/lasso.pt\\\/fr\\\/politique-de-confidentialite\\\/#breadcrumb\",\"itemListElement\":[{\"@type\":\"ListItem\",\"position\":1,\"name\":\"Home\",\"item\":\"https:\\\/\\\/lasso.pt\\\/fr\\\/\"},{\"@type\":\"ListItem\",\"position\":2,\"name\":\"Politique de Confidentialit\u00e9\"}]},{\"@type\":\"WebSite\",\"@id\":\"https:\\\/\\\/lasso.pt\\\/#website\",\"url\":\"https:\\\/\\\/lasso.pt\\\/\",\"name\":\"lasso\",\"description\":\"Empresa de refer&ecirc;ncia no mercado dos contentores enterrados e semienterrados\",\"potentialAction\":[{\"@type\":\"SearchAction\",\"target\":{\"@type\":\"EntryPoint\",\"urlTemplate\":\"https:\\\/\\\/lasso.pt\\\/?s={search_term_string}\"},\"query-input\":{\"@type\":\"PropertyValueSpecification\",\"valueRequired\":true,\"valueName\":\"search_term_string\"}}],\"inLanguage\":\"fr-FR\"}]}<\/script>\n<!-- \/ Yoast SEO plugin. -->","yoast_head_json":{"title":"Politique de Confidentialit\u00e9 - lasso","description":"Apprenez-en davantage sur la politique de confidentialit\u00e9 de Lasso, une marque leader de conteneurs souterrains pour d\u00e9chets urbains.","robots":{"index":"index","follow":"follow","max-snippet":"max-snippet:-1","max-image-preview":"max-image-preview:large","max-video-preview":"max-video-preview:-1"},"canonical":"https:\/\/lasso.pt\/fr\/politique-de-confidentialite\/","og_locale":"fr_FR","og_type":"article","og_title":"Politique de Confidentialit\u00e9 - lasso","og_description":"Apprenez-en davantage sur la politique de confidentialit\u00e9 de Lasso, une marque leader de conteneurs souterrains pour d\u00e9chets urbains.","og_url":"https:\/\/lasso.pt\/fr\/politique-de-confidentialite\/","og_site_name":"lasso","article_modified_time":"2024-05-28T17:05:26+00:00","twitter_card":"summary_large_image","twitter_misc":{"Dur\u00e9e de lecture estim\u00e9e":"11 minutes"},"schema":{"@context":"https:\/\/schema.org","@graph":[{"@type":"WebPage","@id":"https:\/\/lasso.pt\/fr\/politique-de-confidentialite\/","url":"https:\/\/lasso.pt\/fr\/politique-de-confidentialite\/","name":"Politique de Confidentialit\u00e9 - lasso","isPartOf":{"@id":"https:\/\/lasso.pt\/#website"},"datePublished":"2023-07-14T04:05:13+00:00","dateModified":"2024-05-28T17:05:26+00:00","description":"Apprenez-en davantage sur la politique de confidentialit\u00e9 de Lasso, une marque leader de conteneurs souterrains pour d\u00e9chets urbains.","breadcrumb":{"@id":"https:\/\/lasso.pt\/fr\/politique-de-confidentialite\/#breadcrumb"},"inLanguage":"fr-FR","potentialAction":[{"@type":"ReadAction","target":["https:\/\/lasso.pt\/fr\/politique-de-confidentialite\/"]}]},{"@type":"BreadcrumbList","@id":"https:\/\/lasso.pt\/fr\/politique-de-confidentialite\/#breadcrumb","itemListElement":[{"@type":"ListItem","position":1,"name":"Home","item":"https:\/\/lasso.pt\/fr\/"},{"@type":"ListItem","position":2,"name":"Politique de Confidentialit\u00e9"}]},{"@type":"WebSite","@id":"https:\/\/lasso.pt\/#website","url":"https:\/\/lasso.pt\/","name":"lasso","description":"Empresa de refer&ecirc;ncia no mercado dos contentores enterrados e semienterrados","potentialAction":[{"@type":"SearchAction","target":{"@type":"EntryPoint","urlTemplate":"https:\/\/lasso.pt\/?s={search_term_string}"},"query-input":{"@type":"PropertyValueSpecification","valueRequired":true,"valueName":"search_term_string"}}],"inLanguage":"fr-FR"}]}},"_links":{"self":[{"href":"https:\/\/lasso.pt\/fr\/wp-json\/wp\/v2\/pages\/2969","targetHints":{"allow":["GET"]}}],"collection":[{"href":"https:\/\/lasso.pt\/fr\/wp-json\/wp\/v2\/pages"}],"about":[{"href":"https:\/\/lasso.pt\/fr\/wp-json\/wp\/v2\/types\/page"}],"author":[{"embeddable":true,"href":"https:\/\/lasso.pt\/fr\/wp-json\/wp\/v2\/users\/1"}],"replies":[{"embeddable":true,"href":"https:\/\/lasso.pt\/fr\/wp-json\/wp\/v2\/comments?post=2969"}],"version-history":[{"count":2,"href":"https:\/\/lasso.pt\/fr\/wp-json\/wp\/v2\/pages\/2969\/revisions"}],"predecessor-version":[{"id":2974,"href":"https:\/\/lasso.pt\/fr\/wp-json\/wp\/v2\/pages\/2969\/revisions\/2974"}],"wp:attachment":[{"href":"https:\/\/lasso.pt\/fr\/wp-json\/wp\/v2\/media?parent=2969"}],"curies":[{"name":"wp","href":"https:\/\/api.w.org\/{rel}","templated":true}]}}